{"id":944,"date":"2022-06-27T09:20:11","date_gmt":"2022-06-27T07:20:11","guid":{"rendered":"https:\/\/kral-servispc.cz\/?post_type=product&#038;p=944"},"modified":"2022-06-27T09:23:05","modified_gmt":"2022-06-27T07:23:05","slug":"vystrelovaci-kuse","status":"publish","type":"product","link":"https:\/\/kral-servispc.cz\/index.php\/produkt\/vystrelovaci-kuse\/","title":{"rendered":"Vyst\u0159elovac\u00ed Ku\u0161e"},"content":{"rendered":"<p>Vyst\u0159elovac\u00ed Ku\u0161e Velikost 16 cm Dod\u00e1van\u00e9 s 5 \u0161ipkama.<\/p>\n<p>Mo\u017enost doobjednat 10 \u0161ipek za 15 K\u010d.<\/p>\n<p>&nbsp;<\/p>\n<p>Materi\u00e1l : PLA Vyti\u0161t\u011bno technologi\u00ed 3D tisku z certifikovan\u00e9ho materi\u00e1lu ( PLA ) vhodn\u00e9ho na pou\u017eit\u00ed s potravinami. Vyzna\u010duje se tedy typick\u00fdm \u0159\u00e1dkov\u00e1n\u00edm na pod\u00e9ln\u00e9 stran\u011b, co\u017e nen\u00ed chyba, ale jedna z vlastnost\u00ed 3D tisku. Nesm\u00ed p\u0159ij\u00edt do styku nad 50 stupn\u011b C. Nebo hroz\u00ed k deformaci.<\/p>\n","protected":false},"excerpt":{"rendered":"<p>Vyst\u0159elovac\u00ed Ku\u0161e Velikost 16 cm Dod\u00e1van\u00e9 s 5 \u0161ipkama. Mo\u017enost doobjednat 10 \u0161ipek za 15 K\u010d. &nbsp; Materi\u00e1l : PLA Vyti\u0161t\u011bno technologi\u00ed 3D tisku z certifikovan\u00e9ho materi\u00e1lu ( PLA ) vhodn\u00e9ho na pou\u017eit\u00ed s potravinami. [&hellip;]<\/p>\n","protected":false},"featured_media":945,"comment_status":"open","ping_status":"closed","template":"","meta":[],"product_brand":[],"product_cat":[57,75],"product_tag":[],"class_list":{"0":"post-944","1":"product","2":"type-product","3":"status-publish","4":"has-post-thumbnail","6":"product_cat-3d-tisk","7":"product_cat-hry-a-hracky","8":"clearfix","10":"first","11":"instock","12":"shipping-taxable","13":"purchasable","14":"product-type-variable"},"jetpack_sharing_enabled":true,"_links":{"self":[{"href":"https:\/\/kral-servispc.cz\/index.php\/wp-json\/wp\/v2\/product\/944","targetHints":{"allow":["GET"]}}],"collection":[{"href":"https:\/\/kral-servispc.cz\/index.php\/wp-json\/wp\/v2\/product"}],"about":[{"href":"https:\/\/kral-servispc.cz\/index.php\/wp-json\/wp\/v2\/types\/product"}],"replies":[{"embeddable":true,"href":"https:\/\/kral-servispc.cz\/index.php\/wp-json\/wp\/v2\/comments?post=944"}],"wp:featuredmedia":[{"embeddable":true,"href":"https:\/\/kral-servispc.cz\/index.php\/wp-json\/wp\/v2\/media\/945"}],"wp:attachment":[{"href":"https:\/\/kral-servispc.cz\/index.php\/wp-json\/wp\/v2\/media?parent=944"}],"wp:term":[{"taxonomy":"product_brand","embeddable":true,"href":"https:\/\/kral-servispc.cz\/index.php\/wp-json\/wp\/v2\/product_brand?post=944"},{"taxonomy":"product_cat","embeddable":true,"href":"https:\/\/kral-servispc.cz\/index.php\/wp-json\/wp\/v2\/product_cat?post=944"},{"taxonomy":"product_tag","embeddable":true,"href":"https:\/\/kral-servispc.cz\/index.php\/wp-json\/wp\/v2\/product_tag?post=944"}],"curies":[{"name":"wp","href":"https:\/\/api.w.org\/{rel}","templated":true}]}}