{"id":275,"date":"2021-08-03T13:55:00","date_gmt":"2021-08-03T11:55:00","guid":{"rendered":"https:\/\/kral-servispc.cz\/?post_type=product&#038;p=275"},"modified":"2021-09-01T13:58:03","modified_gmt":"2021-09-01T11:58:03","slug":"zeton-do-nakupniho-kosiku","status":"publish","type":"product","link":"https:\/\/kral-servispc.cz\/index.php\/produkt\/zeton-do-nakupniho-kosiku\/","title":{"rendered":"LEGO Creator Smaragdov\u00fd no\u010dn\u00ed vlak"},"content":{"rendered":"<p>Materi\u00e1l : PLA<\/p>\n<p>Kola kter\u00e9 pasuj\u00ed na : LEGO Creator Smaragdov\u00fd no\u010dn\u00ed vlak<\/p>\n<ul>\n<li>Vyti\u0161t\u011bno technologi\u00ed 3D tisku z certifikovan\u00e9ho materi\u00e1lu ( PLA ) vhodn\u00e9ho na pou\u017eit\u00ed s potravinami.<\/li>\n<li>Vyzna\u010duje se tedy typick\u00fdm \u0159\u00e1dkov\u00e1n\u00edm na pod\u00e9ln\u00e9 stran\u011b, co\u017e nen\u00ed chyba, ale jedna z vlastnost\u00ed 3D tisku.<\/li>\n<li>Nesm\u00ed p\u0159ij\u00edt do styku nad 50 stupn\u011b C. Nebo hroz\u00ed k deformaci.<\/li>\n<\/ul>\n","protected":false},"excerpt":{"rendered":"<p>Materi\u00e1l : PLA Kola kter\u00e9 pasuj\u00ed na : LEGO Creator Smaragdov\u00fd no\u010dn\u00ed vlak Vyti\u0161t\u011bno technologi\u00ed 3D tisku z certifikovan\u00e9ho materi\u00e1lu ( PLA ) vhodn\u00e9ho na pou\u017eit\u00ed s potravinami. Vyzna\u010duje se tedy typick\u00fdm \u0159\u00e1dkov\u00e1n\u00edm na pod\u00e9ln\u00e9 [&hellip;]<\/p>\n","protected":false},"featured_media":281,"comment_status":"open","ping_status":"closed","template":"","meta":[],"product_brand":[],"product_cat":[77],"product_tag":[],"class_list":{"0":"post-275","1":"product","2":"type-product","3":"status-publish","4":"has-post-thumbnail","6":"product_cat-doplnky-ke-hram","7":"clearfix","9":"first","10":"instock","11":"shipping-taxable","12":"purchasable","13":"product-type-variable"},"jetpack_sharing_enabled":true,"_links":{"self":[{"href":"https:\/\/kral-servispc.cz\/index.php\/wp-json\/wp\/v2\/product\/275","targetHints":{"allow":["GET"]}}],"collection":[{"href":"https:\/\/kral-servispc.cz\/index.php\/wp-json\/wp\/v2\/product"}],"about":[{"href":"https:\/\/kral-servispc.cz\/index.php\/wp-json\/wp\/v2\/types\/product"}],"replies":[{"embeddable":true,"href":"https:\/\/kral-servispc.cz\/index.php\/wp-json\/wp\/v2\/comments?post=275"}],"wp:featuredmedia":[{"embeddable":true,"href":"https:\/\/kral-servispc.cz\/index.php\/wp-json\/wp\/v2\/media\/281"}],"wp:attachment":[{"href":"https:\/\/kral-servispc.cz\/index.php\/wp-json\/wp\/v2\/media?parent=275"}],"wp:term":[{"taxonomy":"product_brand","embeddable":true,"href":"https:\/\/kral-servispc.cz\/index.php\/wp-json\/wp\/v2\/product_brand?post=275"},{"taxonomy":"product_cat","embeddable":true,"href":"https:\/\/kral-servispc.cz\/index.php\/wp-json\/wp\/v2\/product_cat?post=275"},{"taxonomy":"product_tag","embeddable":true,"href":"https:\/\/kral-servispc.cz\/index.php\/wp-json\/wp\/v2\/product_tag?post=275"}],"curies":[{"name":"wp","href":"https:\/\/api.w.org\/{rel}","templated":true}]}}