{"id":269,"date":"2021-08-03T13:34:51","date_gmt":"2021-08-03T11:34:51","guid":{"rendered":"https:\/\/kral-servispc.cz\/?post_type=product&#038;p=269"},"modified":"2021-09-01T14:00:10","modified_gmt":"2021-09-01T12:00:10","slug":"vystrelovaci-letadlo","status":"publish","type":"product","link":"https:\/\/kral-servispc.cz\/index.php\/produkt\/vystrelovaci-letadlo\/","title":{"rendered":"Vyst\u0159elovac\u00ed letadlo"},"content":{"rendered":"<p>Materi\u00e1l : PLA<\/p>\n<p>Dod\u00e1van\u00e9 smontovan\u00e9 s gumi\u010dkou.<\/p>\n<p>&nbsp;<\/p>\n<ul>\n<li>Vyti\u0161t\u011bno technologi\u00ed 3D tisku z certifikovan\u00e9ho materi\u00e1lu ( PLA ) vhodn\u00e9ho na pou\u017eit\u00ed s potravinami.<\/li>\n<li>Vyzna\u010duje se tedy typick\u00fdm \u0159\u00e1dkov\u00e1n\u00edm na pod\u00e9ln\u00e9 stran\u011b, co\u017e nen\u00ed chyba, ale jedna z vlastnost\u00ed 3D tisku.<\/li>\n<li>Nesm\u00ed p\u0159ij\u00edt do styku nad 50 stupn\u011b C. Nebo hroz\u00ed k deformaci.<\/li>\n<\/ul>\n","protected":false},"excerpt":{"rendered":"<p>Materi\u00e1l : PLA Dod\u00e1van\u00e9 smontovan\u00e9 s gumi\u010dkou. &nbsp; Vyti\u0161t\u011bno technologi\u00ed 3D tisku z certifikovan\u00e9ho materi\u00e1lu ( PLA ) vhodn\u00e9ho na pou\u017eit\u00ed s potravinami. Vyzna\u010duje se tedy typick\u00fdm \u0159\u00e1dkov\u00e1n\u00edm na pod\u00e9ln\u00e9 stran\u011b, co\u017e nen\u00ed chyba, ale [&hellip;]<\/p>\n","protected":false},"featured_media":271,"comment_status":"open","ping_status":"closed","template":"","meta":[],"product_brand":[],"product_cat":[75],"product_tag":[],"class_list":{"0":"post-269","1":"product","2":"type-product","3":"status-publish","4":"has-post-thumbnail","6":"product_cat-hry-a-hracky","7":"clearfix","9":"first","10":"instock","11":"shipping-taxable","12":"purchasable","13":"product-type-variable"},"jetpack_sharing_enabled":true,"_links":{"self":[{"href":"https:\/\/kral-servispc.cz\/index.php\/wp-json\/wp\/v2\/product\/269","targetHints":{"allow":["GET"]}}],"collection":[{"href":"https:\/\/kral-servispc.cz\/index.php\/wp-json\/wp\/v2\/product"}],"about":[{"href":"https:\/\/kral-servispc.cz\/index.php\/wp-json\/wp\/v2\/types\/product"}],"replies":[{"embeddable":true,"href":"https:\/\/kral-servispc.cz\/index.php\/wp-json\/wp\/v2\/comments?post=269"}],"wp:featuredmedia":[{"embeddable":true,"href":"https:\/\/kral-servispc.cz\/index.php\/wp-json\/wp\/v2\/media\/271"}],"wp:attachment":[{"href":"https:\/\/kral-servispc.cz\/index.php\/wp-json\/wp\/v2\/media?parent=269"}],"wp:term":[{"taxonomy":"product_brand","embeddable":true,"href":"https:\/\/kral-servispc.cz\/index.php\/wp-json\/wp\/v2\/product_brand?post=269"},{"taxonomy":"product_cat","embeddable":true,"href":"https:\/\/kral-servispc.cz\/index.php\/wp-json\/wp\/v2\/product_cat?post=269"},{"taxonomy":"product_tag","embeddable":true,"href":"https:\/\/kral-servispc.cz\/index.php\/wp-json\/wp\/v2\/product_tag?post=269"}],"curies":[{"name":"wp","href":"https:\/\/api.w.org\/{rel}","templated":true}]}}