{"id":169,"date":"2021-03-28T09:45:25","date_gmt":"2021-03-28T07:45:25","guid":{"rendered":"https:\/\/kral-servispc.cz\/?page_id=169"},"modified":"2021-09-08T22:09:59","modified_gmt":"2021-09-08T20:09:59","slug":"sledovat-zasilku","status":"publish","type":"page","link":"https:\/\/kral-servispc.cz\/index.php\/sledovat-zasilku\/","title":{"rendered":"Sledovat z\u00e1silku"},"content":{"rendered":"<h1>Zadejte trasovac\u00ed \u010d\u00edslo<\/h1>\n<p>Z\u00e1silkovna<\/p>\n<form class=\"form-inline\" action=\"https:\/\/tracking.packeta.com\/cs\/tracking\/default\" method=\"get\">\n<div class=\"input-group\"><input class=\"form-control\" name=\"id\" type=\"text\" value=\"\" placeholder=\"Z 123 4567 890\" \/><\/div>\n<div><\/div>\n<p><span class=\"input-group-btn\"><br \/>\n<button class=\"btn btn-primary search-button\" type=\"submit\"><br \/>\n<i class=\"glyphicon glyphicon-search\"><\/i><br \/>\nHledat<br \/>\n<\/button><br \/>\n<\/span><br \/>\n\u010cesk\u00e1 po\u0161ta<\/p>\n<\/form>\n<form class=\"form-inline\" action=\"https:\/\/www.postaonline.cz\/trackandtrace\/-\/zasilka\/cislo\" method=\"get\">\n<div class=\"input-group\"><input class=\"form-control\" name=\"id\" type=\"text\" value=\"\" placeholder=\"DR1234567890E\" \/><\/div>\n<div><\/div>\n<p><span class=\"input-group-btn\"><br \/>\n<button class=\"btn btn-primary search-button\" type=\"submit\"><br \/>\n<i class=\"glyphicon glyphicon-search\"><\/i><br \/>\nHledat<br \/>\n<\/button><br \/>\n<\/span><\/p>\n<\/form>\n","protected":false},"excerpt":{"rendered":"<p>Zadejte trasovac\u00ed \u010d\u00edslo Z\u00e1silkovna Hledat \u010cesk\u00e1 po\u0161ta Hledat<\/p>\n","protected":false},"author":1,"featured_media":0,"parent":0,"menu_order":0,"comment_status":"closed","ping_status":"closed","template":"","meta":{"footnotes":""},"class_list":["post-169","page","type-page","status-publish","hentry","clearfix"],"jetpack_sharing_enabled":true,"_links":{"self":[{"href":"https:\/\/kral-servispc.cz\/index.php\/wp-json\/wp\/v2\/pages\/169","targetHints":{"allow":["GET"]}}],"collection":[{"href":"https:\/\/kral-servispc.cz\/index.php\/wp-json\/wp\/v2\/pages"}],"about":[{"href":"https:\/\/kral-servispc.cz\/index.php\/wp-json\/wp\/v2\/types\/page"}],"author":[{"embeddable":true,"href":"https:\/\/kral-servispc.cz\/index.php\/wp-json\/wp\/v2\/users\/1"}],"replies":[{"embeddable":true,"href":"https:\/\/kral-servispc.cz\/index.php\/wp-json\/wp\/v2\/comments?post=169"}],"version-history":[{"count":0,"href":"https:\/\/kral-servispc.cz\/index.php\/wp-json\/wp\/v2\/pages\/169\/revisions"}],"wp:attachment":[{"href":"https:\/\/kral-servispc.cz\/index.php\/wp-json\/wp\/v2\/media?parent=169"}],"curies":[{"name":"wp","href":"https:\/\/api.w.org\/{rel}","templated":true}]}}