{"id":161,"date":"2021-03-28T09:42:41","date_gmt":"2021-03-28T07:42:41","guid":{"rendered":"https:\/\/kral-servispc.cz\/?page_id=161"},"modified":"2021-03-28T15:01:31","modified_gmt":"2021-03-28T13:01:31","slug":"vraceni-zbozi","status":"publish","type":"page","link":"https:\/\/kral-servispc.cz\/index.php\/vraceni-zbozi\/","title":{"rendered":"Vr\u00e1cen\u00ed zbo\u017e\u00ed"},"content":{"rendered":"<p>Odkaz na formula\u0159 bude zde<\/p>\n<ol>\n<li><strong>Pr\u00e1vo odstoupit od smlouvy<\/strong><br \/>\n1.1 Do 14 dn\u016f m\u00e1te pr\u00e1vo odstoupit od t\u00e9to smlouvy bez ud\u00e1n\u00ed d\u016fvodu.<br \/>\n1.2 M\u00e1te pr\u00e1vo odstoupit od smlouvy bez ud\u00e1n\u00ed d\u016fvodu ve lh\u016ft\u011b 14 dn\u016f ode dne n\u00e1sleduj\u00edc\u00edho po dni uzav\u0159en\u00ed smlouvy a v p\u0159\u00edpad\u011b uzav\u0159en\u00ed kupn\u00ed smlouvy kdy Vy nebo V\u00e1mi ur\u010den\u00e1 t\u0159et\u00ed osoba (jin\u00e1 ne\u017e dopravce) p\u0159evezmete zbo\u017e\u00ed.<br \/>\n1.3 Pro \u00fa\u010dely uplatn\u011bn\u00ed pr\u00e1va na odstoupen\u00ed od smlouvy mus\u00edte o sv\u00e9m odstoupen\u00ed od t\u00e9to smlouvy informovat spole\u010dnost , se s\u00eddlem , identifika\u010dn\u00ed \u010d\u00edslo: , formou jednostrann\u00e9ho pr\u00e1vn\u00edho jedn\u00e1n\u00ed (nap\u0159\u00edklad dopisem zaslan\u00fdm prost\u0159ednictv\u00edm provozovatele po\u0161tovn\u00edch slu\u017eeb, nebo faxem). M\u016f\u017eete pou\u017e\u00edt p\u0159ilo\u017een\u00fd vzorov\u00fd formul\u00e1\u0159 pro odstoupen\u00ed od smlouvy, nen\u00ed to v\u0161ak Va\u0161\u00ed povinnost\u00ed.<br \/>\n1.4 Aby byla dodr\u017eena lh\u016fta pro odstoupen\u00ed od t\u00e9to smlouvy, posta\u010duje odeslat odstoupen\u00ed od smlouvy p\u0159ed uplynut\u00edm p\u0159\u00edslu\u0161n\u00e9 lh\u016fty.<\/li>\n<li><strong>D\u016fsledky odstoupen\u00ed od smlouvy<\/strong><br \/>\n2.1 Pokud odstoup\u00edte od t\u00e9to smlouvy, vr\u00e1t\u00edme V\u00e1m bez zbyte\u010dn\u00e9ho odkladu, nejpozd\u011bji do 14 dn\u016f ode dne, kdy n\u00e1m do\u0161lo Va\u0161e ozn\u00e1men\u00ed o odstoupen\u00ed od smlouvy, v\u0161echny platby, kter\u00e9 jsme od V\u00e1s obdr\u017eeli, v\u010detn\u011b n\u00e1klad\u016f na dod\u00e1n\u00ed (krom\u011b dodate\u010dn\u00fdch n\u00e1klad\u016f vznikl\u00fdch v d\u016fsledku V\u00e1mi zvolen\u00e9ho zp\u016fsobu dod\u00e1n\u00ed, kter\u00fd je jin\u00fd ne\u017e nejlevn\u011bj\u0161\u00ed zp\u016fsob standardn\u00edho dod\u00e1n\u00ed n\u00e1mi nab\u00edzen\u00fd). Pro vr\u00e1cen\u00ed plateb pou\u017eijeme stejn\u00fd platebn\u00ed prost\u0159edek, kter\u00fd jste pou\u017eil(a) pro proveden\u00ed po\u010d\u00e1te\u010dn\u00ed transakce, pokud jste v\u00fdslovn\u011b neur\u010dil(a) jinak. V \u017e\u00e1dn\u00e9m p\u0159\u00edpad\u011b V\u00e1m t\u00edm nevzniknou dal\u0161\u00ed n\u00e1klady. Platbu vr\u00e1t\u00edme a\u017e po obdr\u017een\u00ed vr\u00e1cen\u00e9ho zbo\u017e\u00ed nebo prok\u00e1\u017eete\u2010li, \u017ee jste zbo\u017e\u00ed odeslal(a) zp\u011bt, podle toho, co nastane d\u0159\u00edve.<br \/>\n2.2 Ponesete p\u0159\u00edm\u00e9 n\u00e1klady spojen\u00e9 s vr\u00e1cen\u00edm zbo\u017e\u00ed. Odpov\u00edd\u00e1te pouze za sn\u00ed\u017een\u00ed hodnoty zbo\u017e\u00ed v d\u016fsledku nakl\u00e1d\u00e1n\u00ed s t\u00edmto zbo\u017e\u00edm jin\u00fdm zp\u016fsobem, ne\u017e kter\u00fd je nutn\u00fd k obezn\u00e1men\u00ed se s povahou a vlastnostmi zbo\u017e\u00ed, v\u010detn\u011b jeho funk\u010dnosti.<br \/>\n2.3 Pokud jste po\u017e\u00e1dal(a), aby poskytov\u00e1n\u00ed slu\u017eeb za\u010dalo b\u011bhem lh\u016fty pro odstoupen\u00ed od smlouvy, zaplat\u00edte n\u00e1m \u010d\u00e1stku \u00fam\u011brnou rozsahu poskytnut\u00fdch slu\u017eeb do doby, kdy jste n\u00e1s informoval(a) o odstoupen\u00ed od smlouvy, a to v porovn\u00e1n\u00ed s celkov\u00fdm rozsahem slu\u017eeb stanoven\u00fdm ve smlouv\u011b.<\/li>\n<\/ol>\n","protected":false},"excerpt":{"rendered":"<p>Odkaz na formula\u0159 bude zde Pr\u00e1vo odstoupit od smlouvy 1.1 Do 14 dn\u016f m\u00e1te pr\u00e1vo odstoupit od t\u00e9to smlouvy bez ud\u00e1n\u00ed d\u016fvodu. 1.2 M\u00e1te pr\u00e1vo odstoupit od smlouvy bez ud\u00e1n\u00ed d\u016fvodu ve lh\u016ft\u011b 14 dn\u016f [&hellip;]<\/p>\n","protected":false},"author":1,"featured_media":0,"parent":0,"menu_order":0,"comment_status":"closed","ping_status":"closed","template":"page-templates\/page_fullwidth.php","meta":{"footnotes":""},"class_list":["post-161","page","type-page","status-publish","hentry","clearfix"],"jetpack_sharing_enabled":true,"_links":{"self":[{"href":"https:\/\/kral-servispc.cz\/index.php\/wp-json\/wp\/v2\/pages\/161","targetHints":{"allow":["GET"]}}],"collection":[{"href":"https:\/\/kral-servispc.cz\/index.php\/wp-json\/wp\/v2\/pages"}],"about":[{"href":"https:\/\/kral-servispc.cz\/index.php\/wp-json\/wp\/v2\/types\/page"}],"author":[{"embeddable":true,"href":"https:\/\/kral-servispc.cz\/index.php\/wp-json\/wp\/v2\/users\/1"}],"replies":[{"embeddable":true,"href":"https:\/\/kral-servispc.cz\/index.php\/wp-json\/wp\/v2\/comments?post=161"}],"version-history":[{"count":0,"href":"https:\/\/kral-servispc.cz\/index.php\/wp-json\/wp\/v2\/pages\/161\/revisions"}],"wp:attachment":[{"href":"https:\/\/kral-servispc.cz\/index.php\/wp-json\/wp\/v2\/media?parent=161"}],"curies":[{"name":"wp","href":"https:\/\/api.w.org\/{rel}","templated":true}]}}