{"id":157,"date":"2021-03-28T09:40:12","date_gmt":"2021-03-28T07:40:12","guid":{"rendered":"https:\/\/kral-servispc.cz\/?page_id=157"},"modified":"2021-03-28T09:50:31","modified_gmt":"2021-03-28T07:50:31","slug":"jak-nakupovat","status":"publish","type":"page","link":"https:\/\/kral-servispc.cz\/index.php\/jak-nakupovat\/","title":{"rendered":"Jak nakupovat"},"content":{"rendered":"<h4>VYBERTE SI ZBO\u017d\u00cd<\/h4>\n<p>Zbo\u017e\u00ed si m\u016f\u017eete vybrat dv\u011bmi zp\u016fsoby. Bu\u010f prohl\u00ed\u017een\u00edm katalogu s kategoriemi nebo pomoc\u00ed vyhledava\u010de naho\u0159e.<\/p>\n<h4>VLO\u017d\u00cdTE ZBO\u017d\u00cd DO KO\u0160\u00cdKU<\/h4>\n<p>Chcete-li si vybran\u00e9 zbo\u017e\u00ed koupit, zm\u00e1\u010dkn\u011bte tla\u010d\u00edtko \u201cP\u0158IDAT DO KO\u0160\u00cdKU\u201d. Do ko\u0161\u00edku s celkov\u00fdm n\u00e1kupem m\u016f\u017eete nahl\u00e9dnout kdykoliv kliknut\u00edm na ikonu ko\u0161\u00edku vpravo naho\u0159e. Na t\u00e9to obrazovce m\u016f\u017eete rovn\u011b\u017e zbo\u017e\u00ed z ko\u0161\u00edku mazat, upravovat po\u010det kus\u016f nebo p\u0159ej\u00edt k dokon\u010den\u00ed objedn\u00e1vky.<\/p>\n<h4>P\u0158EJDETE K DOKON\u010cEN\u00cd OBJEDN\u00c1VKY<\/h4>\n<p>Z ko\u0161\u00edku pokra\u010dujte volbou \u201cPOKLADNA\u201d k pokladn\u011b. Nyn\u00ed je pot\u0159eba zadat \u00fadaje pot\u0159ebn\u00e9 k realizaci objedn\u00e1vky: Va\u0161e jm\u00e9no a adresu, V\u00e1\u0161 telefon a e-mail (nutn\u00e1 podm\u00ednka Va\u0161eho n\u00e1kupu), d\u00e1le zp\u016fsob dopravy a zp\u016fsob platby. Telefon je nutn\u00fd, abychom V\u00e1s mohli v p\u0159\u00edpad\u011b pot\u0159eby kontaktovat a tak\u00e9 pro p\u0159epravn\u00ed slu\u017ebu. Na e-mail V\u00e1m dojde automatick\u00e9 potvrzen\u00ed objedn\u00e1vky a p\u0159i odesl\u00e1n\u00ed dojde \u010d\u00edslo bal\u00edku.<\/p>\n<h4>VYBERETE SI METODU PLATBY<\/h4>\n<p>Stisknete-li \u201cOBJEDNAT\u201d, Va\u0161e objedn\u00e1vka bude zasl\u00e1na k vy\u0159\u00edzen\u00ed. Budeme se sna\u017eit, aby objedn\u00e1vka byla vy\u0159\u00edzena v co nejkrat\u0161\u00ed dob\u011b. Pro jak\u00e9koliv dotazy ohledn\u011b objedn\u00e1vky n\u00e1s kontaktujte na emailu <a title=\"\" href=\"meilto:kral-servispc.cz@kral-servispc.cz\" data-load-content=\"mail\/mail_user_edit.php?id=287\" data-toggle=\"tooltip\" data-placement=\"bottom\" data-original-title=\"kral-servispc.cz@kral-servispc.cz\" aria-describedby=\"tooltip726202\">kral-servispc.cz@kral-servispc.cz<\/a><a href=\"meilto:kral-servispc.cz@kral-servispc.cz\">.<\/a><\/p>\n<p><strong>Upozorn\u011bn\u00ed:<\/strong>\u00a0nejsme pl\u00e1tci DPH, uveden\u00e9 ceny neobsahuj\u00ed DPH. .<\/p>\n","protected":false},"excerpt":{"rendered":"<p>VYBERTE SI ZBO\u017d\u00cd Zbo\u017e\u00ed si m\u016f\u017eete vybrat dv\u011bmi zp\u016fsoby. Bu\u010f prohl\u00ed\u017een\u00edm katalogu s kategoriemi nebo pomoc\u00ed vyhledava\u010de naho\u0159e. VLO\u017d\u00cdTE ZBO\u017d\u00cd DO KO\u0160\u00cdKU Chcete-li si vybran\u00e9 zbo\u017e\u00ed koupit, zm\u00e1\u010dkn\u011bte tla\u010d\u00edtko \u201cP\u0158IDAT DO KO\u0160\u00cdKU\u201d. Do ko\u0161\u00edku s [&hellip;]<\/p>\n","protected":false},"author":1,"featured_media":0,"parent":0,"menu_order":0,"comment_status":"closed","ping_status":"closed","template":"page-templates\/page_fullwidth.php","meta":{"footnotes":""},"class_list":["post-157","page","type-page","status-publish","hentry","clearfix"],"jetpack_sharing_enabled":true,"_links":{"self":[{"href":"https:\/\/kral-servispc.cz\/index.php\/wp-json\/wp\/v2\/pages\/157","targetHints":{"allow":["GET"]}}],"collection":[{"href":"https:\/\/kral-servispc.cz\/index.php\/wp-json\/wp\/v2\/pages"}],"about":[{"href":"https:\/\/kral-servispc.cz\/index.php\/wp-json\/wp\/v2\/types\/page"}],"author":[{"embeddable":true,"href":"https:\/\/kral-servispc.cz\/index.php\/wp-json\/wp\/v2\/users\/1"}],"replies":[{"embeddable":true,"href":"https:\/\/kral-servispc.cz\/index.php\/wp-json\/wp\/v2\/comments?post=157"}],"version-history":[{"count":0,"href":"https:\/\/kral-servispc.cz\/index.php\/wp-json\/wp\/v2\/pages\/157\/revisions"}],"wp:attachment":[{"href":"https:\/\/kral-servispc.cz\/index.php\/wp-json\/wp\/v2\/media?parent=157"}],"curies":[{"name":"wp","href":"https:\/\/api.w.org\/{rel}","templated":true}]}}