{"id":111,"date":"2021-03-27T09:49:15","date_gmt":"2021-03-27T08:49:15","guid":{"rendered":"https:\/\/kral-servispc.cz\/?page_id=111"},"modified":"2022-03-12T15:31:09","modified_gmt":"2022-03-12T14:31:09","slug":"doprava-a-platba","status":"publish","type":"page","link":"https:\/\/kral-servispc.cz\/index.php\/doprava-a-platba\/","title":{"rendered":"Doprava a platba"},"content":{"rendered":"<h4><strong>P\u0159i objedn\u00e1vce nad 3000 K\u010d doprava ZDARMA!<\/strong><\/h4>\n<h3><strong>Zp\u016fsob dopravy:<\/strong><\/h3>\n<p><strong>Osobn\u011b (0 K\u010d)<\/strong><br \/>\nZbo\u017e\u00ed si osobn\u011b m\u016f\u017eete vyzvednout na na\u0161\u00ed pobo\u010dce ve Vset\u00edn\u011b.<\/p>\n<p><strong>Po\u0161ta (bal\u00edk na po\u0161tu) (99 K\u010d)<\/strong><br \/>\nBal\u00edk Na\u00a0po\u0161tu p\u0159in\u00e1\u0161\u00ed z\u00e1kazn\u00edkovi mo\u017enost, zvolit si jednu z\u00a02\u00a0600 pobo\u010dek, na\u00a0kter\u00e9 pak bude jeho z\u00e1silka p\u0159ipravena k\u00a0vyzvednut\u00ed ji\u017e n\u00e1sleduj\u00edc\u00ed pracovn\u00ed den po\u00a0pod\u00e1n\u00ed. Z\u00e1kazn\u00edk si tak m\u016f\u017ee vybrat po\u0161tu t\u0159eba v\u00a0bl\u00edzkosti sv\u00e9ho pracovi\u0161t\u011b \u010di\u00a0v\u00a0n\u00e1kupn\u00edm centru, kde\u00a0je\u00a0zvykl\u00fd nakupovat.<\/p>\n<p><strong>Z\u00e1silkovna (75 K\u010d)\u00a0<\/strong><br \/>\nJe s\u00ed\u0165 v\u00fddejn\u00edch m\u00edst z\u00e1silek, ve kter\u00e9 z\u00e1silky nejsou doru\u010dov\u00e1ny p\u0159\u00edmo k z\u00e1kazn\u00edkovi, ale jsou doru\u010deny na jednu z pobo\u010dek, kde si s\u00e1m z\u00e1kazn\u00edk svoji z\u00e1silku vyzvedne v \u010dase, kter\u00fd mu vyhovuje. Z\u00e1kazn\u00edk si m\u016f\u017ee vybrat, na kterou v\u00fddejn\u00ed pobo\u010dku sv\u016fj bal\u00edk po\u017eaduje a tam si ji rovn\u011b\u017e vyzvedne. Na vyzvednut\u00ed m\u00e1 \u010das 7 dn\u016f od dne, kdy je z\u00e1silka na pobo\u010dku doru\u010dena.<\/p>\n<h3><strong>Zp\u016fsob platby:<\/strong><\/h3>\n<p><strong>Hotov\u011b (bez poplatku)<\/strong><br \/>\nP\u0159i osobn\u00edm odb\u011bru na na\u0161ich pobo\u010dk\u00e1ch \u00a0zaplat\u00edte p\u0159\u00edmo na prodejn\u011b.<\/p>\n<p><strong>Dob\u00edrkou (30 K\u010d)<\/strong><br \/>\nZbo\u017e\u00ed V\u00e1m za\u0161leme vybran\u00fdm zp\u016fsobem dopravy za men\u0161\u00ed poplatek. Nejsme schopni ovlivnit \u010das doru\u010den\u00ed, proto doporu\u010dujeme, aby jste si z\u00e1silky nechali zas\u00edlat nap\u0159. do Va\u0161eho zam\u011bstn\u00e1n\u00ed, nebo tam, kde je cel\u00fd den n\u011bkdo p\u0159\u00edtomen.<\/p>\n<p><strong>P\u0159evodem (bez poplatku)<\/strong><br \/>\nPo ukon\u010den\u00ed objedn\u00e1vky co nejrychleji zapla\u0165te v\u00e1mi objednan\u00e9 zbo\u017e\u00ed na n\u00e1\u0161 \u00fa\u010det. Po jej zaplacen\u00ed a zaevidovan\u00ed platby V\u00e1m zbo\u017e\u00ed za\u0161leme vybran\u00fdm zp\u016fsobem dopravy.<\/p>\n<p><strong>Upozorn\u011bn\u00ed:<\/strong>\u00a0nejsme pl\u00e1tci DPH, uveden\u00e9 ceny neobsahuj\u00ed DPH. .<\/p>\n","protected":false},"excerpt":{"rendered":"<p>P\u0159i objedn\u00e1vce nad 3000 K\u010d doprava ZDARMA! Zp\u016fsob dopravy: Osobn\u011b (0 K\u010d) Zbo\u017e\u00ed si osobn\u011b m\u016f\u017eete vyzvednout na na\u0161\u00ed pobo\u010dce ve Vset\u00edn\u011b. Po\u0161ta (bal\u00edk na po\u0161tu) (99 K\u010d) Bal\u00edk Na\u00a0po\u0161tu p\u0159in\u00e1\u0161\u00ed z\u00e1kazn\u00edkovi mo\u017enost, zvolit si [&hellip;]<\/p>\n","protected":false},"author":1,"featured_media":0,"parent":0,"menu_order":0,"comment_status":"closed","ping_status":"closed","template":"page-templates\/page_fullwidth.php","meta":{"footnotes":""},"class_list":["post-111","page","type-page","status-publish","hentry","clearfix"],"jetpack_sharing_enabled":true,"_links":{"self":[{"href":"https:\/\/kral-servispc.cz\/index.php\/wp-json\/wp\/v2\/pages\/111","targetHints":{"allow":["GET"]}}],"collection":[{"href":"https:\/\/kral-servispc.cz\/index.php\/wp-json\/wp\/v2\/pages"}],"about":[{"href":"https:\/\/kral-servispc.cz\/index.php\/wp-json\/wp\/v2\/types\/page"}],"author":[{"embeddable":true,"href":"https:\/\/kral-servispc.cz\/index.php\/wp-json\/wp\/v2\/users\/1"}],"replies":[{"embeddable":true,"href":"https:\/\/kral-servispc.cz\/index.php\/wp-json\/wp\/v2\/comments?post=111"}],"version-history":[{"count":1,"href":"https:\/\/kral-servispc.cz\/index.php\/wp-json\/wp\/v2\/pages\/111\/revisions"}],"predecessor-version":[{"id":939,"href":"https:\/\/kral-servispc.cz\/index.php\/wp-json\/wp\/v2\/pages\/111\/revisions\/939"}],"wp:attachment":[{"href":"https:\/\/kral-servispc.cz\/index.php\/wp-json\/wp\/v2\/media?parent=111"}],"curies":[{"name":"wp","href":"https:\/\/api.w.org\/{rel}","templated":true}]}}